{"id":20,"date":"2024-06-18T08:20:25","date_gmt":"2024-06-18T08:20:25","guid":{"rendered":"https:\/\/education.megafon-online.de\/?page_id=20"},"modified":"2025-08-28T09:17:35","modified_gmt":"2025-08-28T09:17:35","slug":"impressum","status":"publish","type":"page","link":"https:\/\/education.megafon-online.de\/index.php\/impressum\/","title":{"rendered":"Impressum"},"content":{"rendered":"\t\t<div data-elementor-type=\"wp-page\" data-elementor-id=\"20\" class=\"elementor elementor-20\" data-elementor-post-type=\"page\">\n\t\t\t\t<div class=\"elementor-element elementor-element-57b73a6 e-flex e-con-boxed e-con e-parent\" data-id=\"57b73a6\" data-element_type=\"container\" data-e-type=\"container\">\n\t\t\t\t\t<div class=\"e-con-inner\">\n\t\t\t\t<div class=\"elementor-element elementor-element-cbda250 elementor-widget elementor-widget-text-editor\" data-id=\"cbda250\" data-element_type=\"widget\" data-e-type=\"widget\" data-widget_type=\"text-editor.default\">\n\t\t\t\t<div class=\"elementor-widget-container\">\n\t\t\t\t\t\t\t\t\t<h2><span style=\"font-size: 23.040000915527344px; color: #333333;\">Impressum<\/span><\/h2><div class=\"elementor-element elementor-element-37c3a68c elementor-widget elementor-widget-text-editor\" data-id=\"37c3a68c\" data-element_type=\"widget\" data-widget_type=\"text-editor.default\"><div class=\"elementor-widget-container\"><div class=\"elementor-text-editor elementor-clearfix\"><p>Angaben gem\u00e4\u00df \u00a7 5 tmg<\/p><\/div><\/div><\/div>\t\t\t\t\t\t\t\t<\/div>\n\t\t\t\t<\/div>\n\t\t\t\t\t<\/div>\n\t\t\t\t<\/div>\n\t\t<div class=\"elementor-element elementor-element-0b125b2 e-flex e-con-boxed e-con e-parent\" data-id=\"0b125b2\" data-element_type=\"container\" data-e-type=\"container\">\n\t\t\t\t\t<div class=\"e-con-inner\">\n\t\t<div class=\"elementor-element elementor-element-766c336 e-con-full e-flex e-con e-child\" data-id=\"766c336\" data-element_type=\"container\" data-e-type=\"container\">\n\t\t\t\t<div class=\"elementor-element elementor-element-d2f5cb3 elementor-widget elementor-widget-image\" data-id=\"d2f5cb3\" data-element_type=\"widget\" data-e-type=\"widget\" data-widget_type=\"image.default\">\n\t\t\t\t<div class=\"elementor-widget-container\">\n\t\t\t\t\t\t\t\t\t\t\t\t\t\t\t<img fetchpriority=\"high\" decoding=\"async\" width=\"800\" height=\"202\" src=\"https:\/\/education.megafon-online.de\/wp-content\/uploads\/2025\/04\/220817_mfon_logo_turkis_cmyk_quer_ohne_tm-1024x258.png\" class=\"attachment-large size-large wp-image-1741\" alt=\"\" srcset=\"https:\/\/education.megafon-online.de\/wp-content\/uploads\/2025\/04\/220817_mfon_logo_turkis_cmyk_quer_ohne_tm-1024x258.png 1024w, https:\/\/education.megafon-online.de\/wp-content\/uploads\/2025\/04\/220817_mfon_logo_turkis_cmyk_quer_ohne_tm-300x76.png 300w, https:\/\/education.megafon-online.de\/wp-content\/uploads\/2025\/04\/220817_mfon_logo_turkis_cmyk_quer_ohne_tm-768x194.png 768w, https:\/\/education.megafon-online.de\/wp-content\/uploads\/2025\/04\/220817_mfon_logo_turkis_cmyk_quer_ohne_tm-1536x387.png 1536w, https:\/\/education.megafon-online.de\/wp-content\/uploads\/2025\/04\/220817_mfon_logo_turkis_cmyk_quer_ohne_tm.png 1742w\" sizes=\"(max-width: 800px) 100vw, 800px\" \/>\t\t\t\t\t\t\t\t\t\t\t\t\t\t\t<\/div>\n\t\t\t\t<\/div>\n\t\t\t\t<\/div>\n\t\t<div class=\"elementor-element elementor-element-af80cfa e-con-full e-flex e-con e-child\" data-id=\"af80cfa\" data-element_type=\"container\" data-e-type=\"container\">\n\t\t\t\t<\/div>\n\t\t\t\t\t<\/div>\n\t\t\t\t<\/div>\n\t\t<div class=\"elementor-element elementor-element-7307f57 e-flex e-con-boxed e-con e-parent\" data-id=\"7307f57\" data-element_type=\"container\" data-e-type=\"container\">\n\t\t\t\t\t<div class=\"e-con-inner\">\n\t\t\t\t<div class=\"elementor-element elementor-element-3020f04 elementor-widget elementor-widget-text-editor\" data-id=\"3020f04\" data-element_type=\"widget\" data-e-type=\"widget\" data-widget_type=\"text-editor.default\">\n\t\t\t\t<div class=\"elementor-widget-container\">\n\t\t\t\t\t\t\t\t\t<p>MEGA<strong>foN\u00ae MEDIENKOMPETENZ<\/strong><\/p><p>Das Lehr- und Bildungsprogramm mit Unterrichtsmaterial, Faktenchecks und Workshops zur Vermittlung von Medien- und Nachrichtenkompetenz sowie Demokratiebildung mit den faktenbasierten Artikeln, Berichten, Meldungen, Videos und den Faktenchecks der dpa Deutsche Presse-Agentur, Hamburg. Zur F\u00f6rderung des kritischen Denkens und einer eigenen, unabh\u00e4ngigen Meinungsbildung.<\/p><p>MEGA<strong>foN<\/strong><sup>\u00ae<\/sup>&#8211; Gr\u00fcnder, Herausgeber und v.i.S.d.P:<br \/>Werner Fredebold<br \/>herausgeber@megafon-online.de<\/p><p>Die MEGAfoN Wortbildmarke ist DPMA (M\u00fcnchen) gesch\u00fctzt.<\/p><p>MEGA<strong>foN<\/strong><sup>\u00ae\u00a0<\/sup>ist ein Imprint der<\/p><p><img decoding=\"async\" class=\"alignnone wp-image-3321\" src=\"https:\/\/megafon-online.de\/wp-content\/uploads\/2023\/03\/100PL_Logo_RZ-537x400.png\" alt=\"\" width=\"130\" height=\"97\" \/><\/p><p>100ProLesen GmbH<br \/>Schaafenstra\u00dfe 25<br \/>50676 K\u00f6ln<\/p><p>Tel.: +49 (221) 66 96 47 8-0<br \/><b>kontakt@100prolesen.de<\/b><\/p><p>Gesch\u00e4ftsf\u00fchrender Gesellschafter: Werner Fredebold<\/p><p>Sitz der Gesellschaft: K\u00f6ln, Reg.-Gericht K\u00f6ln HRB\u00a0102436<br \/>Umsatzsteuer-Identifikationsnummer gem\u00e4\u00df \u00a727 a Umsatzsteuergesetz:\u00a0DE332654621<\/p><p><b>Haftungshinweis:<\/b><\/p><p>Trotz sorgf\u00e4ltiger inhaltlicher Kontrolle \u00fcbernehmen wir keine Haftung f\u00fcr die Inhalte externer Links.<br \/>F\u00fcr den Inhalt der verlinkten Seiten sind ausschlie\u00dflich deren Betreiber verantwortlich.<\/p><p>Wir sind zur Teilnahme an einem Streitbeilegungsverfahren vor einer Verbraucherschlichtungsstelle weder verpflichtet noch bereit.<\/p><p><strong>Copyright \/Urheberrechtshinweis:<\/strong><\/p><p>Alle Inhalte dieser Webseite, insbesondere Texte, Fotografien und Grafiken sind urheberrechtlich gesch\u00fctzt.<\/p><p>Alle auf dieser Website verwendeten Bilder, die nicht ausdr\u00fccklich mit einem Urheber- oder Copyright-Hinweis gekennzeichnet sind, stammen von externen Bilddatenbanken (z. B. Canva) und sind dort ordnungsgem\u00e4\u00df lizenziert, oder sind durch die jeweiligen Unternehmen\/bzw. Privatpersonen f\u00fcr die Ver\u00f6ffentlichung auf dieser Website freigegeben.<\/p>\t\t\t\t\t\t\t\t<\/div>\n\t\t\t\t<\/div>\n\t\t\t\t\t<\/div>\n\t\t\t\t<\/div>\n\t\t\t\t<\/div>\n\t\t","protected":false},"excerpt":{"rendered":"<p>Impressum Angaben gem\u00e4\u00df \u00a7 5 tmg MEGAfoN\u00ae MEDIENKOMPETENZ Das Lehr- und Bildungsprogramm mit Unterrichtsmaterial, Faktenchecks und Workshops zur Vermittlung von Medien- und Nachrichtenkompetenz sowie Demokratiebildung mit den faktenbasierten Artikeln, Berichten, Meldungen, Videos und den Faktenchecks der dpa Deutsche Presse-Agentur, Hamburg. Zur F\u00f6rderung des kritischen Denkens und einer eigenen, unabh\u00e4ngigen Meinungsbildung. MEGAfoN\u00ae&#8211; Gr\u00fcnder, Herausgeber und v.i.S.d.P:Werner [&hellip;]<\/p>\n","protected":false},"author":1,"featured_media":0,"parent":0,"menu_order":0,"comment_status":"closed","ping_status":"closed","template":"elementor_header_footer","meta":{"footnotes":""},"class_list":["post-20","page","type-page","status-publish","hentry"],"_links":{"self":[{"href":"https:\/\/education.megafon-online.de\/index.php\/wp-json\/wp\/v2\/pages\/20","targetHints":{"allow":["GET"]}}],"collection":[{"href":"https:\/\/education.megafon-online.de\/index.php\/wp-json\/wp\/v2\/pages"}],"about":[{"href":"https:\/\/education.megafon-online.de\/index.php\/wp-json\/wp\/v2\/types\/page"}],"author":[{"embeddable":true,"href":"https:\/\/education.megafon-online.de\/index.php\/wp-json\/wp\/v2\/users\/1"}],"replies":[{"embeddable":true,"href":"https:\/\/education.megafon-online.de\/index.php\/wp-json\/wp\/v2\/comments?post=20"}],"version-history":[{"count":19,"href":"https:\/\/education.megafon-online.de\/index.php\/wp-json\/wp\/v2\/pages\/20\/revisions"}],"predecessor-version":[{"id":4451,"href":"https:\/\/education.megafon-online.de\/index.php\/wp-json\/wp\/v2\/pages\/20\/revisions\/4451"}],"wp:attachment":[{"href":"https:\/\/education.megafon-online.de\/index.php\/wp-json\/wp\/v2\/media?parent=20"}],"curies":[{"name":"wp","href":"https:\/\/api.w.org\/{rel}","templated":true}]}}